{"id":988584,"date":"2025-03-28T07:42:58","date_gmt":"2025-03-28T07:42:58","guid":{"rendered":"https:\/\/tolgayazici.com\/academic-research\/"},"modified":"2026-03-25T09:52:49","modified_gmt":"2026-03-25T09:52:49","slug":"akademik-calismalar","status":"publish","type":"page","link":"https:\/\/tolgayazici.com\/tr\/akademik-calismalar\/","title":{"rendered":"Akademik \u00c7al\u0131\u015fmalar"},"content":{"rendered":"\t\t<div data-elementor-type=\"wp-page\" data-elementor-id=\"988584\" class=\"elementor elementor-988584 elementor-248\" data-elementor-post-type=\"page\">\n\t\t\t\t<div class=\"elementor-element elementor-element-c5831a2 e-flex e-con-boxed e-con e-parent\" data-id=\"c5831a2\" data-element_type=\"container\" data-e-type=\"container\">\n\t\t\t\t\t<div class=\"e-con-inner\">\n\t\t<div class=\"elementor-element elementor-element-cf6f189 e-con-full e-flex e-con e-child\" data-id=\"cf6f189\" data-element_type=\"container\" data-e-type=\"container\">\n\t\t\t\t<div class=\"elementor-element elementor-element-81be71e elementor-invisible animated-fast elementor-widget elementor-widget-heading\" data-id=\"81be71e\" data-element_type=\"widget\" data-e-type=\"widget\" data-settings=\"{&quot;_animation&quot;:&quot;slideInUp&quot;}\" data-widget_type=\"heading.default\">\n\t\t\t\t<div class=\"elementor-widget-container\">\n\t\t\t\t\t<span class=\"elementor-heading-title elementor-size-default\">Akademik \u00c7al\u0131\u015fmalar<\/span>\t\t\t\t<\/div>\n\t\t\t\t<\/div>\n\t\t\t\t<div class=\"elementor-element elementor-element-5cb4e2b elementor-invisible elementor-widget__width-initial elementor-widget-tablet__width-inherit animated-fast elementor-widget elementor-widget-heading\" data-id=\"5cb4e2b\" data-element_type=\"widget\" data-e-type=\"widget\" data-settings=\"{&quot;_animation&quot;:&quot;slideInUp&quot;,&quot;_animation_delay&quot;:100}\" data-widget_type=\"heading.default\">\n\t\t\t\t<div class=\"elementor-widget-container\">\n\t\t\t\t\t<h2 class=\"elementor-heading-title elementor-size-default\">\u0130\u015f D\u00fcnyas\u0131 ile Akademi Aras\u0131nda K\u00f6pr\u00fc Kurmak<\/h2>\t\t\t\t<\/div>\n\t\t\t\t<\/div>\n\t\t\t\t<\/div>\n\t\t<div class=\"elementor-element elementor-element-d7aea81 e-con-full e-flex e-con e-child\" data-id=\"d7aea81\" data-element_type=\"container\" data-e-type=\"container\">\n\t\t\t\t<div class=\"elementor-element elementor-element-097976e elementor-invisible elementor-widget-tablet__width-initial animated-fast elementor-widget elementor-widget-heading\" data-id=\"097976e\" data-element_type=\"widget\" data-e-type=\"widget\" data-settings=\"{&quot;_animation&quot;:&quot;slideInUp&quot;,&quot;_animation_delay&quot;:200}\" data-widget_type=\"heading.default\">\n\t\t\t\t<div class=\"elementor-widget-container\">\n\t\t\t\t\t<span class=\"elementor-heading-title elementor-size-default\">Prof. Dr. Tolga Yaz\u0131c\u0131\u2019n\u0131n akademik \u00e7al\u0131\u015fmalar\u0131; ileti\u015fim, y\u00f6netim bilimleri ve k\u00fcresel ekonomik d\u00f6n\u00fc\u015f\u00fcmlerin kesi\u015fim noktas\u0131nda \u015fekillenmektedir. Ara\u015ft\u0131rmalar\u0131; medya, siyaset, kurum y\u00f6netimi ve toplumsal d\u00f6n\u00fc\u015f\u00fcm gibi alanlarda disiplinler aras\u0131 bir perspektif sunarken, teorik bilgi ile ger\u00e7ek d\u00fcnya deneyimini bir araya getirmeyi ama\u00e7lamaktad\u0131r.\n<br>Akademik \u00fcretimi yaln\u0131zca bilimsel literat\u00fcre katk\u0131 sunmakla kalmaz; ayn\u0131 zamanda i\u015f d\u00fcnyas\u0131, kamu politikalar\u0131 ve kurumsal y\u00f6neti\u015fim alanlar\u0131nda stratejik d\u00fc\u015f\u00fcncenin geli\u015fmesine de katk\u0131 sa\u011flar. Bu yakla\u015f\u0131m, akademiyi toplum, ekonomi ve liderlik pratikleriyle bulu\u015fturan b\u00fct\u00fcnc\u00fcl bir ara\u015ft\u0131rma vizyonunu yans\u0131tmaktad\u0131r.<\/span>\t\t\t\t<\/div>\n\t\t\t\t<\/div>\n\t\t\t\t<div class=\"vamtam-has-theme-widget-styles elementor-element elementor-element-aba8acf elementor-invisible vamtam-icon-pos-row-reverse animated-fast elementor-widget elementor-widget-button\" data-id=\"aba8acf\" data-element_type=\"widget\" data-e-type=\"widget\" data-settings=\"{&quot;_animation&quot;:&quot;fadeIn&quot;,&quot;_animation_delay&quot;:250}\" data-widget_type=\"button.default\">\n\t\t\t\t<div class=\"elementor-widget-container\">\n\t\t\t\t\t\t\t\t\t<div class=\"elementor-button-wrapper\">\n\t\t\t\t\t<a class=\"elementor-button elementor-button-link elementor-size-sm\" href=\"https:\/\/www.researchgate.net\/profile\/Tolga-Yazici-2\" target=\"_blank\" rel=\"noopener\">\n\t\t\t\t\t\t<span class=\"elementor-button-content-wrapper\">\n\t\t\t\t\t\t<span class=\"elementor-button-icon\">\n\t\t\t\t<i aria-hidden=\"true\" class=\"vamtamtheme- vamtam-theme-arrow-right\"><\/i>\t\t\t<\/span>\n\t\t\t\t\t\t\t\t\t<span class=\"elementor-button-text\">Akademik \u00c7al\u0131\u015fmalar (Research Gate)<\/span>\n\t\t\t\t\t<\/span>\n\t\t\t\t\t<\/a>\n\t\t\t\t<\/div>\n\t\t\t\t\t\t\t\t<\/div>\n\t\t\t\t<\/div>\n\t\t\t\t<\/div>\n\t\t\t\t\t<\/div>\n\t\t\t\t<\/div>\n\t\t<div class=\"elementor-element elementor-element-d21a82b e-flex e-con-boxed e-con e-parent\" data-id=\"d21a82b\" data-element_type=\"container\" data-e-type=\"container\">\n\t\t\t\t\t<div class=\"e-con-inner\">\n\t\t\t\t<div class=\"elementor-element elementor-element-23a9d65 elementor-widget elementor-widget-n-carousel\" data-id=\"23a9d65\" data-element_type=\"widget\" data-e-type=\"widget\" data-settings=\"{&quot;carousel_items&quot;:[{&quot;slide_title&quot;:&quot;Slide #1&quot;,&quot;_id&quot;:&quot;ec85084&quot;},{&quot;slide_title&quot;:&quot;Slide #2&quot;,&quot;_id&quot;:&quot;28dfde9&quot;},{&quot;slide_title&quot;:&quot;Slide #3&quot;,&quot;_id&quot;:&quot;27243df&quot;},{&quot;slide_title&quot;:&quot;Slide #4&quot;,&quot;_id&quot;:&quot;77f5418&quot;}],&quot;slides_to_show&quot;:&quot;4&quot;,&quot;offset_sides&quot;:&quot;both&quot;,&quot;offset_width_mobile&quot;:{&quot;unit&quot;:&quot;px&quot;,&quot;size&quot;:25,&quot;sizes&quot;:[]},&quot;image_spacing_custom&quot;:{&quot;unit&quot;:&quot;px&quot;,&quot;size&quot;:30,&quot;sizes&quot;:[]},&quot;image_spacing_custom_mobile&quot;:{&quot;unit&quot;:&quot;px&quot;,&quot;size&quot;:10,&quot;sizes&quot;:[]},&quot;slides_to_show_tablet&quot;:&quot;2&quot;,&quot;slides_to_show_mobile&quot;:&quot;1&quot;,&quot;autoplay&quot;:&quot;yes&quot;,&quot;autoplay_speed&quot;:5000,&quot;pause_on_hover&quot;:&quot;yes&quot;,&quot;pause_on_interaction&quot;:&quot;yes&quot;,&quot;infinite&quot;:&quot;yes&quot;,&quot;speed&quot;:500,&quot;offset_width&quot;:{&quot;unit&quot;:&quot;px&quot;,&quot;size&quot;:80,&quot;sizes&quot;:[]},&quot;offset_width_tablet&quot;:{&quot;unit&quot;:&quot;px&quot;,&quot;size&quot;:&quot;&quot;,&quot;sizes&quot;:[]},&quot;image_spacing_custom_tablet&quot;:{&quot;unit&quot;:&quot;px&quot;,&quot;size&quot;:&quot;&quot;,&quot;sizes&quot;:[]}}\" data-widget_type=\"nested-carousel.default\">\n\t\t\t\t<div class=\"elementor-widget-container\">\n\t\t\t\t\t\t\t<div class=\"e-n-carousel swiper\" role=\"region\" aria-roledescription=\"carousel\" aria-label=\"Carousel\" dir=\"ltr\">\n\t\t\t<div class=\"swiper-wrapper\" aria-live=\"off\">\n\t\t\t\t\t\t\t\t\t\t<div class=\"swiper-slide\" data-slide=\"1\" role=\"group\" aria-roledescription=\"slide\" aria-label=\"1 of 4\">\n\t\t\t\t\t\t\t<div class=\"elementor-element elementor-element-aba222b e-flex e-con-boxed e-con e-child\" data-id=\"aba222b\" data-element_type=\"container\" data-e-type=\"container\">\n\t\t\t\t\t<div class=\"e-con-inner\">\n\t\t\t\t<div class=\"elementor-element elementor-element-3fb83ac elementor-widget elementor-widget-image\" data-id=\"3fb83ac\" data-element_type=\"widget\" data-e-type=\"widget\" data-widget_type=\"image.default\">\n\t\t\t\t<div class=\"elementor-widget-container\">\n\t\t\t\t\t\t\t\t\t\t\t\t\t\t\t\t<a href=\"https:\/\/www.researchgate.net\/profile\/Tolga-Yazici-2\" target=\"_blank\" rel=\"noopener\">\n\t\t\t\t\t\t\t<img fetchpriority=\"high\" decoding=\"async\" width=\"750\" height=\"1024\" src=\"https:\/\/tolgayazici.com\/wp-content\/uploads\/2026\/01\/Bilgi-Toplumunda-Teknoloji-Medya-ve-Siyaset-750x1024.webp\" class=\"attachment-large size-large wp-image-988638\" alt=\"\" srcset=\"https:\/\/tolgayazici.com\/wp-content\/uploads\/2026\/01\/Bilgi-Toplumunda-Teknoloji-Medya-ve-Siyaset-750x1024.webp 750w, https:\/\/tolgayazici.com\/wp-content\/uploads\/2026\/01\/Bilgi-Toplumunda-Teknoloji-Medya-ve-Siyaset-220x300.webp 220w, https:\/\/tolgayazici.com\/wp-content\/uploads\/2026\/01\/Bilgi-Toplumunda-Teknoloji-Medya-ve-Siyaset-768x1049.webp 768w, https:\/\/tolgayazici.com\/wp-content\/uploads\/2026\/01\/Bilgi-Toplumunda-Teknoloji-Medya-ve-Siyaset-1125x1536.webp 1125w, https:\/\/tolgayazici.com\/wp-content\/uploads\/2026\/01\/Bilgi-Toplumunda-Teknoloji-Medya-ve-Siyaset-1500x2048.webp 1500w, https:\/\/tolgayazici.com\/wp-content\/uploads\/2026\/01\/Bilgi-Toplumunda-Teknoloji-Medya-ve-Siyaset-scaled.webp 1875w\" sizes=\"(max-width: 750px) 100vw, 750px\" \/>\t\t\t\t\t\t\t\t<\/a>\n\t\t\t\t\t\t\t\t\t\t\t\t\t\t\t<\/div>\n\t\t\t\t<\/div>\n\t\t\t\t<div class=\"elementor-element elementor-element-5bd0256 elementor-widget elementor-widget-heading\" data-id=\"5bd0256\" data-element_type=\"widget\" data-e-type=\"widget\" data-widget_type=\"heading.default\">\n\t\t\t\t<div class=\"elementor-widget-container\">\n\t\t\t\t\t<h2 class=\"elementor-heading-title elementor-size-default\"><a href=\"https:\/\/www.researchgate.net\/profile\/Tolga-Yazici-2\" target=\"_blank\" rel=\"noopener\">Bilgi Toplumunda Teknoloji, Medya ve Siyaset<\/a><\/h2>\t\t\t\t<\/div>\n\t\t\t\t<\/div>\n\t\t\t\t\t<\/div>\n\t\t\t\t<\/div>\n\t\t\t\t\t\t\t\t<\/div>\n\t\t\t\t\t\t\t\t\t\t\t<div class=\"swiper-slide\" data-slide=\"2\" role=\"group\" aria-roledescription=\"slide\" aria-label=\"2 of 4\">\n\t\t\t\t\t\t\t<div class=\"elementor-element elementor-element-d040f56 e-flex e-con-boxed e-con e-child\" data-id=\"d040f56\" data-element_type=\"container\" data-e-type=\"container\">\n\t\t\t\t\t<div class=\"e-con-inner\">\n\t\t\t\t<div class=\"elementor-element elementor-element-1b5518a elementor-widget elementor-widget-image\" data-id=\"1b5518a\" data-element_type=\"widget\" data-e-type=\"widget\" data-widget_type=\"image.default\">\n\t\t\t\t<div class=\"elementor-widget-container\">\n\t\t\t\t\t\t\t\t\t\t\t\t\t\t\t\t<a href=\"https:\/\/www.researchgate.net\/profile\/Tolga-Yazici-2\" target=\"_blank\" rel=\"noopener\">\n\t\t\t\t\t\t\t<img decoding=\"async\" width=\"750\" height=\"1024\" src=\"https:\/\/tolgayazici.com\/wp-content\/uploads\/2026\/01\/Dijitallesen-Dunyada-Siyasal-Iletisim-750x1024.webp\" class=\"attachment-large size-large wp-image-988639\" alt=\"\" srcset=\"https:\/\/tolgayazici.com\/wp-content\/uploads\/2026\/01\/Dijitallesen-Dunyada-Siyasal-Iletisim-750x1024.webp 750w, https:\/\/tolgayazici.com\/wp-content\/uploads\/2026\/01\/Dijitallesen-Dunyada-Siyasal-Iletisim-220x300.webp 220w, https:\/\/tolgayazici.com\/wp-content\/uploads\/2026\/01\/Dijitallesen-Dunyada-Siyasal-Iletisim-768x1049.webp 768w, https:\/\/tolgayazici.com\/wp-content\/uploads\/2026\/01\/Dijitallesen-Dunyada-Siyasal-Iletisim-1125x1536.webp 1125w, https:\/\/tolgayazici.com\/wp-content\/uploads\/2026\/01\/Dijitallesen-Dunyada-Siyasal-Iletisim-1500x2048.webp 1500w, https:\/\/tolgayazici.com\/wp-content\/uploads\/2026\/01\/Dijitallesen-Dunyada-Siyasal-Iletisim-scaled.webp 1875w\" sizes=\"(max-width: 750px) 100vw, 750px\" \/>\t\t\t\t\t\t\t\t<\/a>\n\t\t\t\t\t\t\t\t\t\t\t\t\t\t\t<\/div>\n\t\t\t\t<\/div>\n\t\t\t\t<div class=\"elementor-element elementor-element-603d87e elementor-widget elementor-widget-heading\" data-id=\"603d87e\" data-element_type=\"widget\" data-e-type=\"widget\" data-widget_type=\"heading.default\">\n\t\t\t\t<div class=\"elementor-widget-container\">\n\t\t\t\t\t<h2 class=\"elementor-heading-title elementor-size-default\"><a href=\"https:\/\/www.researchgate.net\/profile\/Tolga-Yazici-2\" target=\"_blank\" rel=\"noopener\">Dijitalle\u015fen D\u00fcnyada Siyasal \u0130leti\u015fim<\/a><\/h2>\t\t\t\t<\/div>\n\t\t\t\t<\/div>\n\t\t\t\t\t<\/div>\n\t\t\t\t<\/div>\n\t\t\t\t\t\t\t\t<\/div>\n\t\t\t\t\t\t\t\t\t\t\t<div class=\"swiper-slide\" data-slide=\"3\" role=\"group\" aria-roledescription=\"slide\" aria-label=\"3 of 4\">\n\t\t\t\t\t\t\t<div class=\"elementor-element elementor-element-eb5ef33 e-flex e-con-boxed e-con e-child\" data-id=\"eb5ef33\" data-element_type=\"container\" data-e-type=\"container\">\n\t\t\t\t\t<div class=\"e-con-inner\">\n\t\t\t\t<div class=\"elementor-element elementor-element-1e80793 elementor-widget elementor-widget-image\" data-id=\"1e80793\" data-element_type=\"widget\" data-e-type=\"widget\" data-widget_type=\"image.default\">\n\t\t\t\t<div class=\"elementor-widget-container\">\n\t\t\t\t\t\t\t\t\t\t\t\t\t\t\t\t<a href=\"https:\/\/www.researchgate.net\/publication\/291520309_1946&#039;dan_Gunumuze_Medya_ve_Siyaset\" target=\"_blank\" rel=\"noopener\">\n\t\t\t\t\t\t\t<img decoding=\"async\" width=\"750\" height=\"1024\" src=\"https:\/\/tolgayazici.com\/wp-content\/uploads\/2026\/01\/MEDYA-VE-SIYASET-1-750x1024.webp\" class=\"attachment-large size-large wp-image-988620\" alt=\"\" srcset=\"https:\/\/tolgayazici.com\/wp-content\/uploads\/2026\/01\/MEDYA-VE-SIYASET-1-750x1024.webp 750w, https:\/\/tolgayazici.com\/wp-content\/uploads\/2026\/01\/MEDYA-VE-SIYASET-1-220x300.webp 220w, https:\/\/tolgayazici.com\/wp-content\/uploads\/2026\/01\/MEDYA-VE-SIYASET-1-768x1048.webp 768w, https:\/\/tolgayazici.com\/wp-content\/uploads\/2026\/01\/MEDYA-VE-SIYASET-1-1125x1536.webp 1125w, https:\/\/tolgayazici.com\/wp-content\/uploads\/2026\/01\/MEDYA-VE-SIYASET-1-1500x2048.webp 1500w, https:\/\/tolgayazici.com\/wp-content\/uploads\/2026\/01\/MEDYA-VE-SIYASET-1-scaled.webp 1875w\" sizes=\"(max-width: 750px) 100vw, 750px\" \/>\t\t\t\t\t\t\t\t<\/a>\n\t\t\t\t\t\t\t\t\t\t\t\t\t\t\t<\/div>\n\t\t\t\t<\/div>\n\t\t\t\t<div class=\"elementor-element elementor-element-0704f46 elementor-widget elementor-widget-heading\" data-id=\"0704f46\" data-element_type=\"widget\" data-e-type=\"widget\" data-widget_type=\"heading.default\">\n\t\t\t\t<div class=\"elementor-widget-container\">\n\t\t\t\t\t<h2 class=\"elementor-heading-title elementor-size-default\"><a href=\"https:\/\/www.researchgate.net\/profile\/Tolga-Yazici-2\" target=\"_blank\" rel=\"noopener\">1946\u2019dan G\u00fcn\u00fcm\u00fcze MEDYA VE S\u0130YASET<\/a><\/h2>\t\t\t\t<\/div>\n\t\t\t\t<\/div>\n\t\t\t\t\t<\/div>\n\t\t\t\t<\/div>\n\t\t\t\t\t\t\t\t<\/div>\n\t\t\t\t\t\t\t\t\t\t\t<div class=\"swiper-slide\" data-slide=\"4\" role=\"group\" aria-roledescription=\"slide\" aria-label=\"4 of 4\">\n\t\t\t\t\t\t\t<div class=\"elementor-element elementor-element-816a9cb e-flex e-con-boxed e-con e-child\" data-id=\"816a9cb\" data-element_type=\"container\" data-e-type=\"container\">\n\t\t\t\t\t<div class=\"e-con-inner\">\n\t\t\t\t<div class=\"elementor-element elementor-element-b767818 elementor-widget elementor-widget-image\" data-id=\"b767818\" data-element_type=\"widget\" data-e-type=\"widget\" data-widget_type=\"image.default\">\n\t\t\t\t<div class=\"elementor-widget-container\">\n\t\t\t\t\t\t\t\t\t\t\t\t\t\t\t\t<a href=\"https:\/\/www.researchgate.net\/profile\/Tolga-Yazici-2\" target=\"_blank\" rel=\"noopener\">\n\t\t\t\t\t\t\t<img loading=\"lazy\" decoding=\"async\" width=\"750\" height=\"1024\" src=\"https:\/\/tolgayazici.com\/wp-content\/uploads\/2026\/01\/MEDYA-VE-SIYASET-2-750x1024.webp\" class=\"attachment-large size-large wp-image-988640\" alt=\"\" srcset=\"https:\/\/tolgayazici.com\/wp-content\/uploads\/2026\/01\/MEDYA-VE-SIYASET-2-750x1024.webp 750w, https:\/\/tolgayazici.com\/wp-content\/uploads\/2026\/01\/MEDYA-VE-SIYASET-2-220x300.webp 220w, https:\/\/tolgayazici.com\/wp-content\/uploads\/2026\/01\/MEDYA-VE-SIYASET-2-768x1049.webp 768w, https:\/\/tolgayazici.com\/wp-content\/uploads\/2026\/01\/MEDYA-VE-SIYASET-2-1125x1536.webp 1125w, https:\/\/tolgayazici.com\/wp-content\/uploads\/2026\/01\/MEDYA-VE-SIYASET-2-1500x2048.webp 1500w, https:\/\/tolgayazici.com\/wp-content\/uploads\/2026\/01\/MEDYA-VE-SIYASET-2-scaled.webp 1875w\" sizes=\"(max-width: 750px) 100vw, 750px\" \/>\t\t\t\t\t\t\t\t<\/a>\n\t\t\t\t\t\t\t\t\t\t\t\t\t\t\t<\/div>\n\t\t\t\t<\/div>\n\t\t\t\t<div class=\"elementor-element elementor-element-f9897d8 elementor-widget elementor-widget-heading\" data-id=\"f9897d8\" data-element_type=\"widget\" data-e-type=\"widget\" data-widget_type=\"heading.default\">\n\t\t\t\t<div class=\"elementor-widget-container\">\n\t\t\t\t\t<h2 class=\"elementor-heading-title elementor-size-default\"><a href=\"https:\/\/www.researchgate.net\/profile\/Tolga-Yazici-2\" target=\"_blank\" rel=\"noopener\">1923-1946;Tek Partili D\u00f6nem MEDYA VE S\u0130YASET 2<\/a><\/h2>\t\t\t\t<\/div>\n\t\t\t\t<\/div>\n\t\t\t\t\t<\/div>\n\t\t\t\t<\/div>\n\t\t\t\t\t\t\t\t<\/div>\n\t\t\t\t\t\t\t\t<\/div>\n\t\t<\/div>\n\t\t\t\t\t\t<\/div>\n\t\t\t\t<\/div>\n\t\t\t\t\t<\/div>\n\t\t\t\t<\/div>\n\t\t\t\t<\/div>\n\t\t","protected":false},"excerpt":{"rendered":"<p>\u0130leti\u015fim ve y\u00f6netim bilimlerini ger\u00e7ek d\u00fcnya liderlik deneyimiyle birle\u015ftiren akademik ara\u015ft\u0131rmalar; stratejik i\u00e7g\u00f6r\u00fc ve uzun vadeli etki yaratmay\u0131 ama\u00e7lar.<\/p>\n","protected":false},"author":1,"featured_media":0,"parent":0,"menu_order":0,"comment_status":"closed","ping_status":"closed","template":"","meta":{"footnotes":""},"class_list":["post-988584","page","type-page","status-publish","hentry"],"_links":{"self":[{"href":"https:\/\/tolgayazici.com\/tr\/wp-json\/wp\/v2\/pages\/988584","targetHints":{"allow":["GET"]}}],"collection":[{"href":"https:\/\/tolgayazici.com\/tr\/wp-json\/wp\/v2\/pages"}],"about":[{"href":"https:\/\/tolgayazici.com\/tr\/wp-json\/wp\/v2\/types\/page"}],"author":[{"embeddable":true,"href":"https:\/\/tolgayazici.com\/tr\/wp-json\/wp\/v2\/users\/1"}],"replies":[{"embeddable":true,"href":"https:\/\/tolgayazici.com\/tr\/wp-json\/wp\/v2\/comments?post=988584"}],"version-history":[{"count":7,"href":"https:\/\/tolgayazici.com\/tr\/wp-json\/wp\/v2\/pages\/988584\/revisions"}],"predecessor-version":[{"id":988709,"href":"https:\/\/tolgayazici.com\/tr\/wp-json\/wp\/v2\/pages\/988584\/revisions\/988709"}],"wp:attachment":[{"href":"https:\/\/tolgayazici.com\/tr\/wp-json\/wp\/v2\/media?parent=988584"}],"curies":[{"name":"wp","href":"https:\/\/api.w.org\/{rel}","templated":true}]}}