{"id":988586,"date":"2025-03-31T10:49:30","date_gmt":"2025-03-31T10:49:30","guid":{"rendered":"https:\/\/tolgayazici.com\/business-life\/"},"modified":"2026-03-24T21:01:19","modified_gmt":"2026-03-24T21:01:19","slug":"is-hayati","status":"publish","type":"page","link":"https:\/\/tolgayazici.com\/tr\/is-hayati\/","title":{"rendered":"\u0130\u015f Hayat\u0131"},"content":{"rendered":"\t\t<div data-elementor-type=\"wp-page\" data-elementor-id=\"988586\" class=\"elementor elementor-988586 elementor-2281\" data-elementor-post-type=\"page\">\n\t\t\t\t<div class=\"elementor-element elementor-element-4ee70461 e-flex e-con-boxed e-con e-parent\" data-id=\"4ee70461\" data-element_type=\"container\" data-e-type=\"container\">\n\t\t\t\t\t<div class=\"e-con-inner\">\n\t\t<div class=\"elementor-element elementor-element-577ba48b e-con-full e-flex e-con e-child\" data-id=\"577ba48b\" data-element_type=\"container\" data-e-type=\"container\" data-settings=\"{&quot;background_background&quot;:&quot;classic&quot;}\">\n\t\t<div class=\"elementor-element elementor-element-5f683045 e-con-full e-flex e-con e-child\" data-id=\"5f683045\" data-element_type=\"container\" data-e-type=\"container\" data-settings=\"{&quot;position&quot;:&quot;absolute&quot;}\">\n\t\t\t\t<div class=\"elementor-element elementor-element-61e74476 elementor-widget elementor-widget-template\" data-id=\"61e74476\" data-element_type=\"widget\" data-e-type=\"widget\" data-widget_type=\"template.default\">\n\t\t\t\t<div class=\"elementor-widget-container\">\n\t\t\t\t\t\t\t<div class=\"elementor-template\">\n\t\t\t\t\t<div data-elementor-type=\"container\" data-elementor-id=\"7162\" class=\"elementor elementor-7162\" data-elementor-post-type=\"elementor_library\">\n\t\t\t\t<div class=\"elementor-element elementor-element-c895366 e-con-full e-flex e-con e-child\" data-id=\"c895366\" data-element_type=\"container\" data-e-type=\"container\">\n\t\t<div class=\"elementor-element elementor-element-37bc217 e-con-full blur-background e-flex e-con e-child\" data-id=\"37bc217\" data-element_type=\"container\" data-e-type=\"container\">\n\t\t\t\t<\/div>\n\t\t<div class=\"elementor-element elementor-element-7aa6fbd e-con-full blur-background e-flex e-con e-child\" data-id=\"7aa6fbd\" data-element_type=\"container\" data-e-type=\"container\">\n\t\t\t\t<\/div>\n\t\t<div class=\"elementor-element elementor-element-5500eb5 e-con-full blur-background e-flex e-con e-child\" data-id=\"5500eb5\" data-element_type=\"container\" data-e-type=\"container\">\n\t\t\t\t<\/div>\n\t\t<div class=\"elementor-element elementor-element-ba4229b e-con-full blur-background e-flex e-con e-child\" data-id=\"ba4229b\" data-element_type=\"container\" data-e-type=\"container\">\n\t\t\t\t<\/div>\n\t\t<div class=\"elementor-element elementor-element-0df9fbc e-con-full blur-background e-flex e-con e-child\" data-id=\"0df9fbc\" data-element_type=\"container\" data-e-type=\"container\">\n\t\t\t\t<\/div>\n\t\t<div class=\"elementor-element elementor-element-a5c7002 e-con-full blur-background elementor-hidden-mobile e-flex e-con e-child\" data-id=\"a5c7002\" data-element_type=\"container\" data-e-type=\"container\">\n\t\t\t\t<\/div>\n\t\t\t\t<\/div>\n\t\t\t\t<\/div>\n\t\t\t\t<\/div>\n\t\t\t\t\t\t<\/div>\n\t\t\t\t<\/div>\n\t\t\t\t<\/div>\n\t\t\t\t<\/div>\n\t\t<div class=\"elementor-element elementor-element-5f89b89f e-con-full e-flex e-con e-child\" data-id=\"5f89b89f\" data-element_type=\"container\" data-e-type=\"container\">\n\t\t\t\t<div class=\"elementor-element elementor-element-5b1180e7 elementor-invisible elementor-widget-tablet__width-inherit animated-fast elementor-widget elementor-widget-heading\" data-id=\"5b1180e7\" data-element_type=\"widget\" data-e-type=\"widget\" data-settings=\"{&quot;_animation&quot;:&quot;slideInUp&quot;,&quot;_animation_delay&quot;:50}\" data-widget_type=\"heading.default\">\n\t\t\t\t<div class=\"elementor-widget-container\">\n\t\t\t\t\t<h2 class=\"elementor-heading-title elementor-size-default\">Liderlik<\/h2>\t\t\t\t<\/div>\n\t\t\t\t<\/div>\n\t\t\t\t<div class=\"elementor-element elementor-element-5740e2bb elementor-invisible elementor-widget__width-inherit elementor-widget-tablet__width-inherit animated-fast elementor-widget elementor-widget-text-editor\" data-id=\"5740e2bb\" data-element_type=\"widget\" data-e-type=\"widget\" data-settings=\"{&quot;_animation&quot;:&quot;fadeIn&quot;,&quot;_animation_delay&quot;:200}\" data-widget_type=\"text-editor.default\">\n\t\t\t\t<div class=\"elementor-widget-container\">\n\t\t\t\t\t\t\t\t\t<p class=\"p1\">Prof. Dr. Tolga Yaz\u0131c\u0131, se\u00e7kin bir Single Family Office yap\u0131lanmas\u0131 olan\u00a0<b>EGL Holding Investment Inc.<\/b>\u2019in Y\u00f6netim Kurulu Ba\u015fkan\u0131 olarak; stratejik sermaye y\u00f6nlendirme, uzun vadeli de\u011fer yaratma ve kurumsal y\u00f6neti\u015fim temelli yat\u0131r\u0131m kararlar\u0131na liderlik etmektedir. Bunun yan\u0131 s\u0131ra,\u00a0<b>Corecam Family Office<\/b>\u2019te Ortak olarak k\u00fcresel varl\u0131k ve yat\u0131r\u0131m y\u00f6netimine katk\u0131 sunmakta; s\u0131n\u0131r \u00f6tesi yat\u0131r\u0131m stratejileri ve kurumsal \u00f6l\u00e7ekli portf\u00f6y yap\u0131lar\u0131n\u0131n geli\u015ftirilmesine destek olmaktad\u0131r.<\/p>\t\t\t\t\t\t\t\t<\/div>\n\t\t\t\t<\/div>\n\t\t\t\t<\/div>\n\t\t\t\t\t<\/div>\n\t\t\t\t<\/div>\n\t\t<div class=\"elementor-element elementor-element-fac921d e-flex e-con-boxed e-con e-parent\" data-id=\"fac921d\" data-element_type=\"container\" data-e-type=\"container\">\n\t\t\t\t\t<div class=\"e-con-inner\">\n\t\t<div class=\"elementor-element elementor-element-0b6cbe8 e-con-full e-flex e-con e-child\" data-id=\"0b6cbe8\" data-element_type=\"container\" data-e-type=\"container\">\n\t\t\t\t<div class=\"elementor-element elementor-element-2705f2e elementor-invisible elementor-widget-tablet__width-inherit animated-fast elementor-widget elementor-widget-heading\" data-id=\"2705f2e\" data-element_type=\"widget\" data-e-type=\"widget\" data-settings=\"{&quot;_animation&quot;:&quot;slideInUp&quot;,&quot;_animation_delay&quot;:50}\" data-widget_type=\"heading.default\">\n\t\t\t\t<div class=\"elementor-widget-container\">\n\t\t\t\t\t<h2 class=\"elementor-heading-title elementor-size-default\">Yat\u0131r\u0131m Oda\u011f\u0131<\/h2>\t\t\t\t<\/div>\n\t\t\t\t<\/div>\n\t\t\t\t<div class=\"elementor-element elementor-element-8c89b34 elementor-invisible elementor-widget__width-inherit elementor-widget-tablet__width-inherit animated-fast elementor-widget elementor-widget-text-editor\" data-id=\"8c89b34\" data-element_type=\"widget\" data-e-type=\"widget\" data-settings=\"{&quot;_animation&quot;:&quot;fadeIn&quot;,&quot;_animation_delay&quot;:200}\" data-widget_type=\"text-editor.default\">\n\t\t\t\t<div class=\"elementor-widget-container\">\n\t\t\t\t\t\t\t\t\t<p class=\"p1\">Yat\u0131r\u0131m uzmanl\u0131\u011f\u0131; gayrimenkul geli\u015ftirme, in\u015faat, varl\u0131k y\u00f6netimi ve stratejik sermaye yat\u0131r\u0131mlar\u0131n\u0131 kapsamakta olup, \u00f6zellikle b\u00fcy\u00fck \u00f6l\u00e7ekli ticari projeler ve s\u00fcrd\u00fcr\u00fclebilir b\u00fcy\u00fcme modelleri \u00fczerine yo\u011funla\u015fmaktad\u0131r. Finansal disiplin ile stratejik \u00f6ng\u00f6r\u00fcy\u00fc bir araya getirerek, sermayeyi karma\u015f\u0131k piyasa ve jeopolitik ko\u015fullarda etkin performans g\u00f6sterecek \u015fekilde konumland\u0131rmaktad\u0131r.<\/p>\t\t\t\t\t\t\t\t<\/div>\n\t\t\t\t<\/div>\n\t\t\t\t<\/div>\n\t\t<div class=\"elementor-element elementor-element-8497343 e-con-full e-flex e-con e-child\" data-id=\"8497343\" data-element_type=\"container\" data-e-type=\"container\" data-settings=\"{&quot;background_background&quot;:&quot;classic&quot;}\">\n\t\t<div class=\"elementor-element elementor-element-125b3cd e-con-full e-flex e-con e-child\" data-id=\"125b3cd\" data-element_type=\"container\" data-e-type=\"container\" data-settings=\"{&quot;position&quot;:&quot;absolute&quot;}\">\n\t\t\t\t<div class=\"elementor-element elementor-element-585d379 elementor-widget elementor-widget-template\" data-id=\"585d379\" data-element_type=\"widget\" data-e-type=\"widget\" data-widget_type=\"template.default\">\n\t\t\t\t<div class=\"elementor-widget-container\">\n\t\t\t\t\t\t\t<div class=\"elementor-template\">\n\t\t\t\t\t<div data-elementor-type=\"container\" data-elementor-id=\"7162\" class=\"elementor elementor-7162\" data-elementor-post-type=\"elementor_library\">\n\t\t\t\t<div class=\"elementor-element elementor-element-c895366 e-con-full e-flex e-con e-child\" data-id=\"c895366\" data-element_type=\"container\" data-e-type=\"container\">\n\t\t<div class=\"elementor-element elementor-element-37bc217 e-con-full blur-background e-flex e-con e-child\" data-id=\"37bc217\" data-element_type=\"container\" data-e-type=\"container\">\n\t\t\t\t<\/div>\n\t\t<div class=\"elementor-element elementor-element-7aa6fbd e-con-full blur-background e-flex e-con e-child\" data-id=\"7aa6fbd\" data-element_type=\"container\" data-e-type=\"container\">\n\t\t\t\t<\/div>\n\t\t<div class=\"elementor-element elementor-element-5500eb5 e-con-full blur-background e-flex e-con e-child\" data-id=\"5500eb5\" data-element_type=\"container\" data-e-type=\"container\">\n\t\t\t\t<\/div>\n\t\t<div class=\"elementor-element elementor-element-ba4229b e-con-full blur-background e-flex e-con e-child\" data-id=\"ba4229b\" data-element_type=\"container\" data-e-type=\"container\">\n\t\t\t\t<\/div>\n\t\t<div class=\"elementor-element elementor-element-0df9fbc e-con-full blur-background e-flex e-con e-child\" data-id=\"0df9fbc\" data-element_type=\"container\" data-e-type=\"container\">\n\t\t\t\t<\/div>\n\t\t<div class=\"elementor-element elementor-element-a5c7002 e-con-full blur-background elementor-hidden-mobile e-flex e-con e-child\" data-id=\"a5c7002\" data-element_type=\"container\" data-e-type=\"container\">\n\t\t\t\t<\/div>\n\t\t\t\t<\/div>\n\t\t\t\t<\/div>\n\t\t\t\t<\/div>\n\t\t\t\t\t\t<\/div>\n\t\t\t\t<\/div>\n\t\t\t\t<\/div>\n\t\t\t\t<\/div>\n\t\t\t\t\t<\/div>\n\t\t\t\t<\/div>\n\t\t<div class=\"elementor-element elementor-element-d848029 e-flex e-con-boxed e-con e-parent\" data-id=\"d848029\" data-element_type=\"container\" data-e-type=\"container\">\n\t\t\t\t\t<div class=\"e-con-inner\">\n\t\t<div class=\"elementor-element elementor-element-46c430c e-con-full e-flex e-con e-child\" data-id=\"46c430c\" data-element_type=\"container\" data-e-type=\"container\" data-settings=\"{&quot;background_background&quot;:&quot;classic&quot;}\">\n\t\t<div class=\"elementor-element elementor-element-bd108c4 e-con-full e-flex e-con e-child\" data-id=\"bd108c4\" data-element_type=\"container\" data-e-type=\"container\" data-settings=\"{&quot;position&quot;:&quot;absolute&quot;}\">\n\t\t\t\t<div class=\"elementor-element elementor-element-ada9c6a elementor-widget elementor-widget-template\" data-id=\"ada9c6a\" data-element_type=\"widget\" data-e-type=\"widget\" data-widget_type=\"template.default\">\n\t\t\t\t<div class=\"elementor-widget-container\">\n\t\t\t\t\t\t\t<div class=\"elementor-template\">\n\t\t\t\t\t<div data-elementor-type=\"container\" data-elementor-id=\"7162\" class=\"elementor elementor-7162\" data-elementor-post-type=\"elementor_library\">\n\t\t\t\t<div class=\"elementor-element elementor-element-c895366 e-con-full e-flex e-con e-child\" data-id=\"c895366\" data-element_type=\"container\" data-e-type=\"container\">\n\t\t<div class=\"elementor-element elementor-element-37bc217 e-con-full blur-background e-flex e-con e-child\" data-id=\"37bc217\" data-element_type=\"container\" data-e-type=\"container\">\n\t\t\t\t<\/div>\n\t\t<div class=\"elementor-element elementor-element-7aa6fbd e-con-full blur-background e-flex e-con e-child\" data-id=\"7aa6fbd\" data-element_type=\"container\" data-e-type=\"container\">\n\t\t\t\t<\/div>\n\t\t<div class=\"elementor-element elementor-element-5500eb5 e-con-full blur-background e-flex e-con e-child\" data-id=\"5500eb5\" data-element_type=\"container\" data-e-type=\"container\">\n\t\t\t\t<\/div>\n\t\t<div class=\"elementor-element elementor-element-ba4229b e-con-full blur-background e-flex e-con e-child\" data-id=\"ba4229b\" data-element_type=\"container\" data-e-type=\"container\">\n\t\t\t\t<\/div>\n\t\t<div class=\"elementor-element elementor-element-0df9fbc e-con-full blur-background e-flex e-con e-child\" data-id=\"0df9fbc\" data-element_type=\"container\" data-e-type=\"container\">\n\t\t\t\t<\/div>\n\t\t<div class=\"elementor-element elementor-element-a5c7002 e-con-full blur-background elementor-hidden-mobile e-flex e-con e-child\" data-id=\"a5c7002\" data-element_type=\"container\" data-e-type=\"container\">\n\t\t\t\t<\/div>\n\t\t\t\t<\/div>\n\t\t\t\t<\/div>\n\t\t\t\t<\/div>\n\t\t\t\t\t\t<\/div>\n\t\t\t\t<\/div>\n\t\t\t\t<\/div>\n\t\t\t\t<\/div>\n\t\t<div class=\"elementor-element elementor-element-e59a6be e-con-full e-flex e-con e-child\" data-id=\"e59a6be\" data-element_type=\"container\" data-e-type=\"container\">\n\t\t\t\t<div class=\"elementor-element elementor-element-cb91b30 elementor-invisible elementor-widget-tablet__width-inherit animated-fast elementor-widget elementor-widget-heading\" data-id=\"cb91b30\" data-element_type=\"widget\" data-e-type=\"widget\" data-settings=\"{&quot;_animation&quot;:&quot;slideInUp&quot;,&quot;_animation_delay&quot;:50}\" data-widget_type=\"heading.default\">\n\t\t\t\t<div class=\"elementor-widget-container\">\n\t\t\t\t\t<h2 class=\"elementor-heading-title elementor-size-default\">K\u00fcresel Etki Alan\u0131<\/h2>\t\t\t\t<\/div>\n\t\t\t\t<\/div>\n\t\t\t\t<div class=\"elementor-element elementor-element-38c1dc2 elementor-invisible elementor-widget__width-inherit elementor-widget-tablet__width-inherit animated-fast elementor-widget elementor-widget-text-editor\" data-id=\"38c1dc2\" data-element_type=\"widget\" data-e-type=\"widget\" data-settings=\"{&quot;_animation&quot;:&quot;fadeIn&quot;,&quot;_animation_delay&quot;:200}\" data-widget_type=\"text-editor.default\">\n\t\t\t\t<div class=\"elementor-widget-container\">\n\t\t\t\t\t\t\t\t\t<p class=\"p1\">T\u00fcrkiye, Amerika Birle\u015fik Devletleri, Avrupa ve Rusya\u2019da edindi\u011fi kapsaml\u0131 deneyimle Prof. Dr. Yaz\u0131c\u0131; farkl\u0131 ekonomik ortamlarda yat\u0131r\u0131mlara liderlik etmi\u015f ve stratejik dan\u0131\u015fmanl\u0131k sa\u011flam\u0131\u015ft\u0131r. Uluslararas\u0131 perspektifi sayesinde k\u00fcresel sermaye ak\u0131\u015flar\u0131n\u0131 y\u00f6netmekte, stratejik i\u015f birlikleri geli\u015ftirmekte ve farkl\u0131 co\u011frafyalarda de\u011fer yaratmaktad\u0131r.<\/p>\t\t\t\t\t\t\t\t<\/div>\n\t\t\t\t<\/div>\n\t\t\t\t<\/div>\n\t\t\t\t\t<\/div>\n\t\t\t\t<\/div>\n\t\t<div class=\"elementor-element elementor-element-1b2a1cb e-flex e-con-boxed e-con e-parent\" data-id=\"1b2a1cb\" data-element_type=\"container\" data-e-type=\"container\">\n\t\t\t\t\t<div class=\"e-con-inner\">\n\t\t<div class=\"elementor-element elementor-element-b733787 e-con-full e-flex e-con e-child\" data-id=\"b733787\" data-element_type=\"container\" data-e-type=\"container\">\n\t\t\t\t<div class=\"elementor-element elementor-element-5aae0f7 elementor-invisible elementor-widget-tablet__width-inherit animated-fast elementor-widget elementor-widget-heading\" data-id=\"5aae0f7\" data-element_type=\"widget\" data-e-type=\"widget\" data-settings=\"{&quot;_animation&quot;:&quot;slideInUp&quot;,&quot;_animation_delay&quot;:50}\" data-widget_type=\"heading.default\">\n\t\t\t\t<div class=\"elementor-widget-container\">\n\t\t\t\t\t<h2 class=\"elementor-heading-title elementor-size-default\">Stratejik Yakla\u015f\u0131m<\/h2>\t\t\t\t<\/div>\n\t\t\t\t<\/div>\n\t\t\t\t<div class=\"elementor-element elementor-element-2f89f71 elementor-invisible elementor-widget__width-inherit elementor-widget-tablet__width-inherit animated-fast elementor-widget elementor-widget-text-editor\" data-id=\"2f89f71\" data-element_type=\"widget\" data-e-type=\"widget\" data-settings=\"{&quot;_animation&quot;:&quot;fadeIn&quot;,&quot;_animation_delay&quot;:200}\" data-widget_type=\"text-editor.default\">\n\t\t\t\t<div class=\"elementor-widget-container\">\n\t\t\t\t\t\t\t\t\t<p class=\"p1\">\u201c<b>Oyun kurucu<\/b>\u201d vizyonuyla tan\u0131nan Prof. Dr. Yaz\u0131c\u0131; k\u00fcresel piyasa bilgisi, liderlik perspektifi ve risk y\u00f6netimini b\u00fct\u00fcnc\u00fcl bir i\u015f yakla\u015f\u0131m\u0131 i\u00e7inde bir araya getirmektedir. Bu \u00e7ok boyutlu yakla\u015f\u0131m, yat\u0131r\u0131m performans\u0131n\u0131 uzun vadeli kurumsal dayan\u0131kl\u0131l\u0131k ve k\u00fcresel etki ile uyumlu hale getirmesine olanak sa\u011flamaktad\u0131r.<\/p>\t\t\t\t\t\t\t\t<\/div>\n\t\t\t\t<\/div>\n\t\t\t\t<\/div>\n\t\t<div class=\"elementor-element elementor-element-61b8ace e-con-full e-flex e-con e-child\" data-id=\"61b8ace\" data-element_type=\"container\" data-e-type=\"container\" data-settings=\"{&quot;background_background&quot;:&quot;classic&quot;}\">\n\t\t<div class=\"elementor-element elementor-element-1171f3c e-con-full e-flex e-con e-child\" data-id=\"1171f3c\" data-element_type=\"container\" data-e-type=\"container\" data-settings=\"{&quot;position&quot;:&quot;absolute&quot;}\">\n\t\t\t\t<div class=\"elementor-element elementor-element-024d23d elementor-widget elementor-widget-template\" data-id=\"024d23d\" data-element_type=\"widget\" data-e-type=\"widget\" data-widget_type=\"template.default\">\n\t\t\t\t<div class=\"elementor-widget-container\">\n\t\t\t\t\t\t\t<div class=\"elementor-template\">\n\t\t\t\t\t<div data-elementor-type=\"container\" data-elementor-id=\"7162\" class=\"elementor elementor-7162\" data-elementor-post-type=\"elementor_library\">\n\t\t\t\t<div class=\"elementor-element elementor-element-c895366 e-con-full e-flex e-con e-child\" data-id=\"c895366\" data-element_type=\"container\" data-e-type=\"container\">\n\t\t<div class=\"elementor-element elementor-element-37bc217 e-con-full blur-background e-flex e-con e-child\" data-id=\"37bc217\" data-element_type=\"container\" data-e-type=\"container\">\n\t\t\t\t<\/div>\n\t\t<div class=\"elementor-element elementor-element-7aa6fbd e-con-full blur-background e-flex e-con e-child\" data-id=\"7aa6fbd\" data-element_type=\"container\" data-e-type=\"container\">\n\t\t\t\t<\/div>\n\t\t<div class=\"elementor-element elementor-element-5500eb5 e-con-full blur-background e-flex e-con e-child\" data-id=\"5500eb5\" data-element_type=\"container\" data-e-type=\"container\">\n\t\t\t\t<\/div>\n\t\t<div class=\"elementor-element elementor-element-ba4229b e-con-full blur-background e-flex e-con e-child\" data-id=\"ba4229b\" data-element_type=\"container\" data-e-type=\"container\">\n\t\t\t\t<\/div>\n\t\t<div class=\"elementor-element elementor-element-0df9fbc e-con-full blur-background e-flex e-con e-child\" data-id=\"0df9fbc\" data-element_type=\"container\" data-e-type=\"container\">\n\t\t\t\t<\/div>\n\t\t<div class=\"elementor-element elementor-element-a5c7002 e-con-full blur-background elementor-hidden-mobile e-flex e-con e-child\" data-id=\"a5c7002\" data-element_type=\"container\" data-e-type=\"container\">\n\t\t\t\t<\/div>\n\t\t\t\t<\/div>\n\t\t\t\t<\/div>\n\t\t\t\t<\/div>\n\t\t\t\t\t\t<\/div>\n\t\t\t\t<\/div>\n\t\t\t\t<\/div>\n\t\t\t\t<\/div>\n\t\t\t\t\t<\/div>\n\t\t\t\t<\/div>\n\t\t\t\t<\/div>\n\t\t","protected":false},"excerpt":{"rendered":"<p>Prof. Dr. Tolga Yaz\u0131c\u0131; k\u00fcresel sermaye y\u00f6netimi, stratejik yat\u0131r\u0131mlar ve farkl\u0131 pazarlarda b\u00fcy\u00fck \u00f6l\u00e7ekli gayrimenkul geli\u015ftirme alanlar\u0131nda uzmanla\u015fm\u0131\u015f k\u0131demli bir yat\u0131r\u0131mc\u0131 ve i\u015f lideridir. Liderlik deneyimi, akademik derinli\u011fi ve uluslararas\u0131 perspektifi bir araya getirerek s\u00fcrd\u00fcr\u00fclebilir de\u011fer yarat\u0131m\u0131na \u00f6nc\u00fcl\u00fck etmektedir.<\/p>\n","protected":false},"author":1,"featured_media":988588,"parent":0,"menu_order":0,"comment_status":"closed","ping_status":"closed","template":"","meta":{"footnotes":""},"class_list":["post-988586","page","type-page","status-publish","has-post-thumbnail","hentry"],"_links":{"self":[{"href":"https:\/\/tolgayazici.com\/tr\/wp-json\/wp\/v2\/pages\/988586","targetHints":{"allow":["GET"]}}],"collection":[{"href":"https:\/\/tolgayazici.com\/tr\/wp-json\/wp\/v2\/pages"}],"about":[{"href":"https:\/\/tolgayazici.com\/tr\/wp-json\/wp\/v2\/types\/page"}],"author":[{"embeddable":true,"href":"https:\/\/tolgayazici.com\/tr\/wp-json\/wp\/v2\/users\/1"}],"replies":[{"embeddable":true,"href":"https:\/\/tolgayazici.com\/tr\/wp-json\/wp\/v2\/comments?post=988586"}],"version-history":[{"count":8,"href":"https:\/\/tolgayazici.com\/tr\/wp-json\/wp\/v2\/pages\/988586\/revisions"}],"predecessor-version":[{"id":988699,"href":"https:\/\/tolgayazici.com\/tr\/wp-json\/wp\/v2\/pages\/988586\/revisions\/988699"}],"wp:featuredmedia":[{"embeddable":true,"href":"https:\/\/tolgayazici.com\/tr\/wp-json\/wp\/v2\/media\/988588"}],"wp:attachment":[{"href":"https:\/\/tolgayazici.com\/tr\/wp-json\/wp\/v2\/media?parent=988586"}],"curies":[{"name":"wp","href":"https:\/\/api.w.org\/{rel}","templated":true}]}}