{"id":988589,"date":"2025-03-28T07:45:45","date_gmt":"2025-03-28T07:45:45","guid":{"rendered":"https:\/\/tolgayazici.com\/contact\/"},"modified":"2026-03-25T09:54:10","modified_gmt":"2026-03-25T09:54:10","slug":"iletisim","status":"publish","type":"page","link":"https:\/\/tolgayazici.com\/tr\/iletisim\/","title":{"rendered":"\u0130leti\u015fim"},"content":{"rendered":"\t\t<div data-elementor-type=\"wp-page\" data-elementor-id=\"988589\" class=\"elementor elementor-988589 elementor-264\" data-elementor-post-type=\"page\">\n\t\t\t\t<div class=\"elementor-element elementor-element-b0a0bf6 e-flex e-con-boxed e-con e-parent\" data-id=\"b0a0bf6\" data-element_type=\"container\" data-e-type=\"container\">\n\t\t\t\t\t<div class=\"e-con-inner\">\n\t\t<div class=\"elementor-element elementor-element-406193e e-con-full e-flex e-con e-child\" data-id=\"406193e\" data-element_type=\"container\" data-e-type=\"container\">\n\t\t<a class=\"elementor-element elementor-element-efa7f0f e-con-full e-flex e-con e-child\" data-id=\"efa7f0f\" data-element_type=\"container\" data-e-type=\"container\" href=\"mailto:tolgayazici@me.com\">\n\t\t\t\t<div class=\"vamtam-has-theme-widget-styles elementor-element elementor-element-156d91e elementor-view-default elementor-widget elementor-widget-icon\" data-id=\"156d91e\" data-element_type=\"widget\" data-e-type=\"widget\" data-widget_type=\"icon.default\">\n\t\t\t\t<div class=\"elementor-widget-container\">\n\t\t\t\t\t\t\t<div class=\"elementor-icon-wrapper\">\n\t\t\t<div class=\"elementor-icon\">\n\t\t\t<i aria-hidden=\"true\" class=\"vamtamtheme- vamtam-theme-email\"><\/i>\t\t\t<\/div>\n\t\t<\/div>\n\t\t\t\t\t\t<\/div>\n\t\t\t\t<\/div>\n\t\t\t\t<div class=\"elementor-element elementor-element-b970777 elementor-widget elementor-widget-heading\" data-id=\"b970777\" data-element_type=\"widget\" data-e-type=\"widget\" data-widget_type=\"heading.default\">\n\t\t\t\t<div class=\"elementor-widget-container\">\n\t\t\t\t\t<h2 class=\"elementor-heading-title elementor-size-default\">Email:<br> tolgayazici@me.com<\/h2>\t\t\t\t<\/div>\n\t\t\t\t<\/div>\n\t\t\t\t<\/a>\n\t\t<a class=\"elementor-element elementor-element-05eb3bc e-con-full e-flex e-con e-child\" data-id=\"05eb3bc\" data-element_type=\"container\" data-e-type=\"container\" href=\"https:\/\/www.linkedin.com\/in\/tolga-yaz%C4%B1c%C4%B1-32696128\/\" target=\"_blank\" rel=\"noopener\">\n\t\t\t\t<div class=\"vamtam-has-theme-widget-styles elementor-element elementor-element-23ee88d elementor-view-default elementor-widget elementor-widget-icon\" data-id=\"23ee88d\" data-element_type=\"widget\" data-e-type=\"widget\" data-widget_type=\"icon.default\">\n\t\t\t\t<div class=\"elementor-widget-container\">\n\t\t\t\t\t\t\t<div class=\"elementor-icon-wrapper\">\n\t\t\t<div class=\"elementor-icon\">\n\t\t\t<i aria-hidden=\"true\" class=\"fab fa-linkedin-in\"><\/i>\t\t\t<\/div>\n\t\t<\/div>\n\t\t\t\t\t\t<\/div>\n\t\t\t\t<\/div>\n\t\t\t\t<div class=\"elementor-element elementor-element-41ae48c elementor-widget elementor-widget-heading\" data-id=\"41ae48c\" data-element_type=\"widget\" data-e-type=\"widget\" data-widget_type=\"heading.default\">\n\t\t\t\t<div class=\"elementor-widget-container\">\n\t\t\t\t\t<h2 class=\"elementor-heading-title elementor-size-default\">Linkedin:<br> Prof. Dr. Tolga Yaz\u0131c\u0131<\/h2>\t\t\t\t<\/div>\n\t\t\t\t<\/div>\n\t\t\t\t<\/a>\n\t\t\t\t<\/div>\n\t\t<div class=\"elementor-element elementor-element-92edbc1 e-con-full e-flex e-con e-child\" data-id=\"92edbc1\" data-element_type=\"container\" data-e-type=\"container\" data-settings=\"{&quot;background_background&quot;:&quot;classic&quot;}\">\n\t\t\t\t<div class=\"elementor-element elementor-element-81fc255 elementor-widget elementor-widget-image\" data-id=\"81fc255\" data-element_type=\"widget\" data-e-type=\"widget\" data-widget_type=\"image.default\">\n\t\t\t\t<div class=\"elementor-widget-container\">\n\t\t\t\t\t\t\t\t\t\t\t\t\t\t\t<img decoding=\"async\" width=\"110\" height=\"12\" src=\"https:\/\/tolgayazici.com\/wp-content\/uploads\/2025\/12\/TOLGA-YAZICI.svg\" class=\"attachment-large size-large wp-image-988690\" alt=\"\" \/>\t\t\t\t\t\t\t\t\t\t\t\t\t\t\t<\/div>\n\t\t\t\t<\/div>\n\t\t\t\t<div class=\"elementor-element elementor-element-89f0104 elementor-invisible animated-fast elementor-widget elementor-widget-text-editor\" data-id=\"89f0104\" data-element_type=\"widget\" data-e-type=\"widget\" data-settings=\"{&quot;_animation&quot;:&quot;slideInUp&quot;,&quot;_animation_delay&quot;:100}\" data-widget_type=\"text-editor.default\">\n\t\t\t\t<div class=\"elementor-widget-container\">\n\t\t\t\t\t\t\t\t\t<p class=\"p1\">\u0130\u015f Lideri | K\u00fcresel Yat\u0131r\u0131mc\u0131 | Stratejik Dan\u0131\u015fman<\/p>\t\t\t\t\t\t\t\t<\/div>\n\t\t\t\t<\/div>\n\t\t\t\t<\/div>\n\t\t\t\t\t<\/div>\n\t\t\t\t<\/div>\n\t\t\t\t<\/div>\n\t\t","protected":false},"excerpt":{"rendered":"<p>\u0130\u015fle ilgili sorular  veya resmi yaz\u0131\u015fmalar i\u00e7in l\u00fctfen verilen ileti\u015fim bilgilerini kullanarak bizimle ileti\u015fime ge\u00e7in.<\/p>\n","protected":false},"author":1,"featured_media":0,"parent":0,"menu_order":0,"comment_status":"closed","ping_status":"closed","template":"","meta":{"footnotes":""},"class_list":["post-988589","page","type-page","status-publish","hentry"],"_links":{"self":[{"href":"https:\/\/tolgayazici.com\/tr\/wp-json\/wp\/v2\/pages\/988589","targetHints":{"allow":["GET"]}}],"collection":[{"href":"https:\/\/tolgayazici.com\/tr\/wp-json\/wp\/v2\/pages"}],"about":[{"href":"https:\/\/tolgayazici.com\/tr\/wp-json\/wp\/v2\/types\/page"}],"author":[{"embeddable":true,"href":"https:\/\/tolgayazici.com\/tr\/wp-json\/wp\/v2\/users\/1"}],"replies":[{"embeddable":true,"href":"https:\/\/tolgayazici.com\/tr\/wp-json\/wp\/v2\/comments?post=988589"}],"version-history":[{"count":5,"href":"https:\/\/tolgayazici.com\/tr\/wp-json\/wp\/v2\/pages\/988589\/revisions"}],"predecessor-version":[{"id":988712,"href":"https:\/\/tolgayazici.com\/tr\/wp-json\/wp\/v2\/pages\/988589\/revisions\/988712"}],"wp:attachment":[{"href":"https:\/\/tolgayazici.com\/tr\/wp-json\/wp\/v2\/media?parent=988589"}],"curies":[{"name":"wp","href":"https:\/\/api.w.org\/{rel}","templated":true}]}}